{"id":5719,"date":"2025-03-24T16:00:09","date_gmt":"2025-03-24T16:00:09","guid":{"rendered":"https:\/\/prosistav.pt\/versao2\/?page_id=5719"},"modified":"2025-09-02T14:27:31","modified_gmt":"2025-09-02T14:27:31","slug":"historia-2","status":"publish","type":"page","link":"https:\/\/prosistav.pt\/versao2\/historia-2\/","title":{"rendered":"Hist\u00f3ria"},"content":{"rendered":"\t\t<div data-elementor-type=\"wp-page\" data-elementor-id=\"5719\" class=\"elementor elementor-5719\" data-elementor-post-type=\"page\">\n\t\t\t\t<div class=\"elementor-element elementor-element-4fa972ed e-con-full e-flex e-con e-parent\" data-id=\"4fa972ed\" data-element_type=\"container\" data-settings=\"{&quot;background_background&quot;:&quot;classic&quot;}\">\n\t\t\t\t<div class=\"elementor-element elementor-element-3dd9e8d8 animated-slow elementor-invisible elementor-widget elementor-widget-heading\" data-id=\"3dd9e8d8\" data-element_type=\"widget\" data-settings=\"{&quot;_animation&quot;:&quot;slideInUp&quot;}\" data-widget_type=\"heading.default\">\n\t\t\t\t\t<h2 class=\"elementor-heading-title elementor-size-default\">Projectos e Sistemas de Automa\u00e7\u00e3o<\/h2>\t\t\t\t<\/div>\n\t\t\t\t<div class=\"elementor-element elementor-element-49992e86 animated-slow elementor-widget-divider--view-line elementor-invisible elementor-widget elementor-widget-divider\" data-id=\"49992e86\" data-element_type=\"widget\" data-settings=\"{&quot;_animation&quot;:&quot;fadeInUp&quot;}\" data-widget_type=\"divider.default\">\n\t\t\t\t\t\t\t<div class=\"elementor-divider\">\n\t\t\t<span class=\"elementor-divider-separator\">\n\t\t\t\t\t\t<\/span>\n\t\t<\/div>\n\t\t\t\t\t\t<\/div>\n\t\t\t\t<div class=\"elementor-element elementor-element-54f3eb0 animated-slow elementor-invisible elementor-widget elementor-widget-heading\" data-id=\"54f3eb0\" data-element_type=\"widget\" data-settings=\"{&quot;_animation&quot;:&quot;slideInUp&quot;}\" data-widget_type=\"heading.default\">\n\t\t\t\t\t<h2 class=\"elementor-heading-title elementor-size-default\">a prosistav<\/h2>\t\t\t\t<\/div>\n\t\t\t\t<div class=\"elementor-element elementor-element-27dc508 elementor-widget elementor-widget-menu-anchor\" data-id=\"27dc508\" data-element_type=\"widget\" data-widget_type=\"menu-anchor.default\">\n\t\t\t\t\t\t\t<div class=\"elementor-menu-anchor\" id=\"TOP\"><\/div>\n\t\t\t\t\t\t<\/div>\n\t\t\t\t<\/div>\n\t\t<div class=\"elementor-element elementor-element-4e62a6b e-flex e-con-boxed e-con e-parent\" data-id=\"4e62a6b\" data-element_type=\"container\">\n\t\t\t\t\t<div class=\"e-con-inner\">\n\t\t\t\t<div class=\"elementor-element elementor-element-8b7817f elementor-widget elementor-widget-heading\" data-id=\"8b7817f\" data-element_type=\"widget\" data-widget_type=\"heading.default\">\n\t\t\t\t\t<h2 class=\"elementor-heading-title elementor-size-default\">A NOSSA HIST\u00d3RIA<\/h2>\t\t\t\t<\/div>\n\t\t\t\t\t<\/div>\n\t\t\t\t<\/div>\n\t\t<div class=\"elementor-element elementor-element-e1d7f5d e-flex e-con-boxed e-con e-parent\" data-id=\"e1d7f5d\" data-element_type=\"container\">\n\t\t\t\t\t<div class=\"e-con-inner\">\n\t\t\t\t<div class=\"elementor-element elementor-element-bb7d8cb elementor-widget elementor-widget-spacer\" data-id=\"bb7d8cb\" data-element_type=\"widget\" data-widget_type=\"spacer.default\">\n\t\t\t\t\t\t\t<div class=\"elementor-spacer\">\n\t\t\t<div class=\"elementor-spacer-inner\"><\/div>\n\t\t<\/div>\n\t\t\t\t\t\t<\/div>\n\t\t\t\t<div class=\"elementor-element elementor-element-79f3c6a elementor-widget elementor-widget-timeline-widget-addon\" data-id=\"79f3c6a\" data-element_type=\"widget\" data-widget_type=\"timeline-widget-addon.default\">\n\t\t\t\t<div class=\"elementor-widget-container\">\n\t\t\t\t\t<!-- ========= Timeline Widget Addon For Elementor 1.6.7 ========= -->\n<div id=\"twae-wrapper-79f3c6a\" class=\"twae-vertical twae-wrapper  twae-both-sided\">   \n    <div class=\"twae-start\"><\/div>    \n    <div id=\"twea-timeline-79f3c6a\" class=\"twae-timeline\" ><!-- Start of Story Repeater Content --><div id=\"story-b757d80\" class=\"twae-story twae-repeater-item twae-story-right twae-story-no-icon\"><!-- Story Label --><div class=\"twae-labels\"><div class=\"twae-label-big\">2023<\/div><\/div><!-- Story Icon --><div class=\"twae-icon\"><i aria-hidden=\"true\" class=\"far fa-clock\"><\/i><\/div><!-- Story Arrow --><div class=\"twae-arrow\"><\/div><!-- Start of Story Content --><div class=\"twae-content\"><!-- Story Title --><div class=\"twae-title\">PME L\u00cdDER 2023<\/div><!-- Story Image --><div class=\"twae-media large\"><img fetchpriority=\"high\" decoding=\"async\" width=\"800\" height=\"564\" src=\"https:\/\/prosistav.pt\/versao2\/wp-content\/uploads\/2023\/11\/PMElider2023.jpg\" class=\"attachment-large size-large\" alt=\"\" srcset=\"https:\/\/prosistav.pt\/versao2\/wp-content\/uploads\/2023\/11\/PMElider2023.jpg 868w, https:\/\/prosistav.pt\/versao2\/wp-content\/uploads\/2023\/11\/PMElider2023-300x212.jpg 300w, https:\/\/prosistav.pt\/versao2\/wp-content\/uploads\/2023\/11\/PMElider2023-768x541.jpg 768w, https:\/\/prosistav.pt\/versao2\/wp-content\/uploads\/2023\/11\/PMElider2023-830x585.jpg 830w, https:\/\/prosistav.pt\/versao2\/wp-content\/uploads\/2023\/11\/PMElider2023-230x162.jpg 230w, https:\/\/prosistav.pt\/versao2\/wp-content\/uploads\/2023\/11\/PMElider2023-350x247.jpg 350w, https:\/\/prosistav.pt\/versao2\/wp-content\/uploads\/2023\/11\/PMElider2023-480x338.jpg 480w\" sizes=\"(max-width: 800px) 100vw, 800px\" \/><\/div><!-- Story Description --><div class=\"twae-description\"><div id=\"ctl-story-3915\" class=\"ctl-story ctl-story-dot-icon odd ctl-story-right aos-init aos-animate\" role=\"article\" data-aos=\"fadeInUp\" data-story-index=\"1\"><div class=\"ctl-content\"><div class=\"ctl-description\"><p>A Prosistav \u00e9 distinguida como PME L\u00edder pelo 11\u00ba ano consecutivo.<span style=\"text-align: var(--tw-cbx-text-align);font-size: 1rem\">\u00a0<\/span><\/p><\/div><\/div><\/div><\/div><\/div><\/div><!-- Start of Story Repeater Content --><div id=\"story-0add978\" class=\"twae-story twae-repeater-item twae-story-left twae-story-no-icon\"><!-- Story Label --><div class=\"twae-labels\"><div class=\"twae-label-big\">2020<\/div><\/div><!-- Story Icon --><div class=\"twae-icon\"><i aria-hidden=\"true\" class=\"far fa-clock\"><\/i><\/div><!-- Story Arrow --><div class=\"twae-arrow\"><\/div><!-- Start of Story Content --><div class=\"twae-content\"><!-- Story Title --><div class=\"twae-title\">PME L\u00cdDER 2020<\/div><!-- Story Image --><div class=\"twae-media large\"><img decoding=\"async\" width=\"294\" height=\"319\" src=\"https:\/\/prosistav.pt\/versao2\/wp-content\/uploads\/2020\/11\/PME_Lider_2020-1.png\" class=\"attachment-large size-large\" alt=\"\" srcset=\"https:\/\/prosistav.pt\/versao2\/wp-content\/uploads\/2020\/11\/PME_Lider_2020-1.png 294w, https:\/\/prosistav.pt\/versao2\/wp-content\/uploads\/2020\/11\/PME_Lider_2020-1-276x300.png 276w, https:\/\/prosistav.pt\/versao2\/wp-content\/uploads\/2020\/11\/PME_Lider_2020-1-230x250.png 230w\" sizes=\"(max-width: 294px) 100vw, 294px\" \/><\/div><!-- Story Description --><div class=\"twae-description\"><p>Com um esfor\u00e7o conjunto de toda a equipa de trabalho, a Prosistav \u00e9 distinguida como PME L\u00edder pelo 8\u00ba ano consecutivo.<\/p><\/div><\/div><\/div><!-- Start of Story Repeater Content --><div id=\"story-c0199ef\" class=\"twae-story twae-repeater-item twae-story-right twae-story-no-icon\"><!-- Story Label --><div class=\"twae-labels\"><div class=\"twae-label-big\">2019<\/div><\/div><!-- Story Icon --><div class=\"twae-icon\"><i aria-hidden=\"true\" class=\"far fa-clock\"><\/i><\/div><!-- Story Arrow --><div class=\"twae-arrow\"><\/div><!-- Start of Story Content --><div class=\"twae-content\"><!-- Story Title --><div class=\"twae-title\">PME L\u00cdDER 2019<\/div><!-- Story Image --><div class=\"twae-media large\"><img decoding=\"async\" width=\"800\" height=\"566\" src=\"https:\/\/prosistav.pt\/versao2\/wp-content\/uploads\/2019\/10\/MCI_036-2019-Prosistav-PME-Lider-2019-1024x724.jpg\" class=\"attachment-large size-large\" alt=\"\" srcset=\"https:\/\/prosistav.pt\/versao2\/wp-content\/uploads\/2019\/10\/MCI_036-2019-Prosistav-PME-Lider-2019-1024x724.jpg 1024w, https:\/\/prosistav.pt\/versao2\/wp-content\/uploads\/2019\/10\/MCI_036-2019-Prosistav-PME-Lider-2019-300x212.jpg 300w, https:\/\/prosistav.pt\/versao2\/wp-content\/uploads\/2019\/10\/MCI_036-2019-Prosistav-PME-Lider-2019-768x543.jpg 768w, https:\/\/prosistav.pt\/versao2\/wp-content\/uploads\/2019\/10\/MCI_036-2019-Prosistav-PME-Lider-2019-830x587.jpg 830w, https:\/\/prosistav.pt\/versao2\/wp-content\/uploads\/2019\/10\/MCI_036-2019-Prosistav-PME-Lider-2019-230x163.jpg 230w, https:\/\/prosistav.pt\/versao2\/wp-content\/uploads\/2019\/10\/MCI_036-2019-Prosistav-PME-Lider-2019-350x247.jpg 350w, https:\/\/prosistav.pt\/versao2\/wp-content\/uploads\/2019\/10\/MCI_036-2019-Prosistav-PME-Lider-2019-480x339.jpg 480w\" sizes=\"(max-width: 800px) 100vw, 800px\" \/><\/div><!-- Story Description --><div class=\"twae-description\"><p>A Prosistav \u00e9 distinguida como PME L\u00edder pelo 7\u00ba ano consecutivo Com o compromisso de ajudar as organiza\u00e7\u00f5es na melhoria dos seus processos, a Prosistav tem desenvolvido servi\u00e7os e parcerias estrat\u00e9gicas com marcas de renome internacional, com exclusividade de representa\u00e7\u00e3o.<\/p><\/div><\/div><\/div><!-- Start of Story Repeater Content --><div id=\"story-3c65157\" class=\"twae-story twae-repeater-item twae-story-left twae-story-no-icon\"><!-- Story Label --><div class=\"twae-labels\"><div class=\"twae-label-big\">JULHO 2019<\/div><div class=\"twae-label-small\">20 ANOS DE PROSISTAV<\/div><\/div><!-- Story Icon --><div class=\"twae-icon\"><i aria-hidden=\"true\" class=\"far fa-clock\"><\/i><\/div><!-- Story Arrow --><div class=\"twae-arrow\"><\/div><!-- Start of Story Content --><div class=\"twae-content\"><!-- Story Title --><div class=\"twae-title\">20\u00ba ANIVERS\u00c1RIO DA PROSISTAV<\/div><!-- Story Image --><div class=\"twae-media large\"><img loading=\"lazy\" decoding=\"async\" width=\"295\" height=\"236\" src=\"https:\/\/prosistav.pt\/versao2\/wp-content\/uploads\/2019\/03\/Prosistav_20anos_w_phc.jpg\" class=\"attachment-large size-large\" alt=\"\" srcset=\"https:\/\/prosistav.pt\/versao2\/wp-content\/uploads\/2019\/03\/Prosistav_20anos_w_phc.jpg 295w, https:\/\/prosistav.pt\/versao2\/wp-content\/uploads\/2019\/03\/Prosistav_20anos_w_phc-230x184.jpg 230w\" sizes=\"(max-width: 295px) 100vw, 295px\" \/><\/div><!-- Story Description --><div class=\"twae-description\"><p>20 anos a acrescentar criatividade e tecnologia aos seus projectos Os 20 anos da Prosistav foram uma jun\u00e7\u00e3o de cada pe\u00e7a. Colaboradores, clientes, parceiros fornecedores e comunidade em geral, foram essenciais para a constru\u00e7\u00e3o da Prosistav. A Prosistav constr\u00f3i confian\u00e7a com transpar\u00eancia, \u00e9tica, responsabilidade e respeito para com todos os clientes, colaboradores e fornecedores.<\/p><\/div><\/div><\/div><!-- Start of Story Repeater Content --><div id=\"story-618a922\" class=\"twae-story twae-repeater-item twae-story-right twae-story-no-icon\"><!-- Story Label --><div class=\"twae-labels\"><div class=\"twae-label-big\">2018<\/div><\/div><!-- Story Icon --><div class=\"twae-icon\"><i aria-hidden=\"true\" class=\"far fa-clock\"><\/i><\/div><!-- Story Arrow --><div class=\"twae-arrow\"><\/div><!-- Start of Story Content --><div class=\"twae-content\"><!-- Story Title --><div class=\"twae-title\">PME L\u00cdDER 2018<\/div><!-- Story Image --><div class=\"twae-media large\"><img loading=\"lazy\" decoding=\"async\" width=\"800\" height=\"566\" src=\"https:\/\/prosistav.pt\/versao2\/wp-content\/uploads\/2018\/10\/PME-L\u00edder-2018-1-1024x724.png\" class=\"attachment-large size-large\" alt=\"\" srcset=\"https:\/\/prosistav.pt\/versao2\/wp-content\/uploads\/2018\/10\/PME-L\u00edder-2018-1-1024x724.png 1024w, https:\/\/prosistav.pt\/versao2\/wp-content\/uploads\/2018\/10\/PME-L\u00edder-2018-1-300x212.png 300w, https:\/\/prosistav.pt\/versao2\/wp-content\/uploads\/2018\/10\/PME-L\u00edder-2018-1-768x543.png 768w, https:\/\/prosistav.pt\/versao2\/wp-content\/uploads\/2018\/10\/PME-L\u00edder-2018-1-830x587.png 830w, https:\/\/prosistav.pt\/versao2\/wp-content\/uploads\/2018\/10\/PME-L\u00edder-2018-1-230x163.png 230w, https:\/\/prosistav.pt\/versao2\/wp-content\/uploads\/2018\/10\/PME-L\u00edder-2018-1-350x247.png 350w, https:\/\/prosistav.pt\/versao2\/wp-content\/uploads\/2018\/10\/PME-L\u00edder-2018-1-480x339.png 480w\" sizes=\"(max-width: 800px) 100vw, 800px\" \/><\/div><!-- Story Description --><div class=\"twae-description\"><p>A Prosistav \u00e9 distinguida como PME L\u00edder pelo 6\u00ba ano consecutivo.<\/p><\/div><\/div><\/div><!-- Start of Story Repeater Content --><div id=\"story-c80fdf4\" class=\"twae-story twae-repeater-item twae-story-left twae-story-no-icon\"><!-- Story Label --><div class=\"twae-labels\"><div class=\"twae-label-big\">March 30<\/div><\/div><!-- Story Icon --><div class=\"twae-icon\"><i aria-hidden=\"true\" class=\"far fa-clock\"><\/i><\/div><!-- Story Arrow --><div class=\"twae-arrow\"><\/div><!-- Start of Story Content --><div class=\"twae-content\"><!-- Story Title --><div class=\"twae-title\">LAN\u00c7AMENTO DE NOVO WEBSITE<\/div><!-- Story Image --><div class=\"twae-media large\"><img loading=\"lazy\" decoding=\"async\" width=\"800\" height=\"800\" src=\"https:\/\/prosistav.pt\/versao2\/wp-content\/uploads\/2018\/02\/Responsive-site-1024x1024.png\" class=\"attachment-large size-large\" alt=\"\" srcset=\"https:\/\/prosistav.pt\/versao2\/wp-content\/uploads\/2018\/02\/Responsive-site-1024x1024.png 1024w, https:\/\/prosistav.pt\/versao2\/wp-content\/uploads\/2018\/02\/Responsive-site-150x150.png 150w, https:\/\/prosistav.pt\/versao2\/wp-content\/uploads\/2018\/02\/Responsive-site-300x300.png 300w, https:\/\/prosistav.pt\/versao2\/wp-content\/uploads\/2018\/02\/Responsive-site-768x769.png 768w, https:\/\/prosistav.pt\/versao2\/wp-content\/uploads\/2018\/02\/Responsive-site-250x250.png 250w, https:\/\/prosistav.pt\/versao2\/wp-content\/uploads\/2018\/02\/Responsive-site-830x831.png 830w, https:\/\/prosistav.pt\/versao2\/wp-content\/uploads\/2018\/02\/Responsive-site-230x230.png 230w, https:\/\/prosistav.pt\/versao2\/wp-content\/uploads\/2018\/02\/Responsive-site-350x350.png 350w, https:\/\/prosistav.pt\/versao2\/wp-content\/uploads\/2018\/02\/Responsive-site-480x480.png 480w, https:\/\/prosistav.pt\/versao2\/wp-content\/uploads\/2018\/02\/Responsive-site.png 1112w\" sizes=\"(max-width: 800px) 100vw, 800px\" \/><\/div><!-- Story Description --><div class=\"twae-description\"><p>Mais intuitivo, mais moderno e responsivo. Garante uma melhor comunica\u00e7\u00e3o entre a Prosistav, clientes e parceiros.<\/p><\/div><\/div><\/div><!-- Start of Story Repeater Content --><div id=\"story-62d7940\" class=\"twae-story twae-repeater-item twae-story-right twae-story-no-icon\"><!-- Story Label --><div class=\"twae-labels\"><div class=\"twae-label-big\">2017<\/div><\/div><!-- Story Icon --><div class=\"twae-icon\"><i aria-hidden=\"true\" class=\"far fa-clock\"><\/i><\/div><!-- Story Arrow --><div class=\"twae-arrow\"><\/div><!-- Start of Story Content --><div class=\"twae-content\"><!-- Story Title --><div class=\"twae-title\">PME L\u00cdDER 2017<\/div><!-- Story Image --><div class=\"twae-media large\"><img loading=\"lazy\" decoding=\"async\" width=\"800\" height=\"398\" src=\"https:\/\/prosistav.pt\/versao2\/wp-content\/uploads\/2017\/12\/CERTIFICADO-1024x510.jpg\" class=\"attachment-large size-large\" alt=\"\" srcset=\"https:\/\/prosistav.pt\/versao2\/wp-content\/uploads\/2017\/12\/CERTIFICADO-1024x510.jpg 1024w, https:\/\/prosistav.pt\/versao2\/wp-content\/uploads\/2017\/12\/CERTIFICADO-300x150.jpg 300w, https:\/\/prosistav.pt\/versao2\/wp-content\/uploads\/2017\/12\/CERTIFICADO-768x383.jpg 768w, https:\/\/prosistav.pt\/versao2\/wp-content\/uploads\/2017\/12\/CERTIFICADO-830x414.jpg 830w, https:\/\/prosistav.pt\/versao2\/wp-content\/uploads\/2017\/12\/CERTIFICADO-230x115.jpg 230w, https:\/\/prosistav.pt\/versao2\/wp-content\/uploads\/2017\/12\/CERTIFICADO-350x174.jpg 350w, https:\/\/prosistav.pt\/versao2\/wp-content\/uploads\/2017\/12\/CERTIFICADO-480x239.jpg 480w, https:\/\/prosistav.pt\/versao2\/wp-content\/uploads\/2017\/12\/CERTIFICADO.jpg 1298w\" sizes=\"(max-width: 800px) 100vw, 800px\" \/><\/div><!-- Story Description --><div class=\"twae-description\"><p>A Prosistav \u00e9 distinguida como PME L\u00edder pelo 5\u00ba ano consecutivo.<\/p><\/div><\/div><\/div><!-- Start of Story Repeater Content --><div id=\"story-9028048\" class=\"twae-story twae-repeater-item twae-story-left twae-story-no-icon\"><!-- Story Label --><div class=\"twae-labels\"><div class=\"twae-label-big\">2012<\/div><\/div><!-- Story Icon --><div class=\"twae-icon\"><i aria-hidden=\"true\" class=\"far fa-clock\"><\/i><\/div><!-- Story Arrow --><div class=\"twae-arrow\"><\/div><!-- Start of Story Content --><div class=\"twae-content\"><!-- Story Title --><div class=\"twae-title\">FORMA\u00c7\u00d5ES<\/div><!-- Story Image --><div class=\"twae-media large\"><img loading=\"lazy\" decoding=\"async\" width=\"800\" height=\"449\" src=\"https:\/\/prosistav.pt\/versao2\/wp-content\/uploads\/2017\/10\/cropped-001_Fatek_N\u00edvel1pb-1024x575.jpg\" class=\"attachment-large size-large\" alt=\"FORMA\u00c7\u00c3O FATEK PROSISTAV\" srcset=\"https:\/\/prosistav.pt\/versao2\/wp-content\/uploads\/2017\/10\/cropped-001_Fatek_N\u00edvel1pb-1024x575.jpg 1024w, https:\/\/prosistav.pt\/versao2\/wp-content\/uploads\/2017\/10\/cropped-001_Fatek_N\u00edvel1pb-300x169.jpg 300w, https:\/\/prosistav.pt\/versao2\/wp-content\/uploads\/2017\/10\/cropped-001_Fatek_N\u00edvel1pb-768x432.jpg 768w, https:\/\/prosistav.pt\/versao2\/wp-content\/uploads\/2017\/10\/cropped-001_Fatek_N\u00edvel1pb-830x466.jpg 830w, https:\/\/prosistav.pt\/versao2\/wp-content\/uploads\/2017\/10\/cropped-001_Fatek_N\u00edvel1pb-230x129.jpg 230w, https:\/\/prosistav.pt\/versao2\/wp-content\/uploads\/2017\/10\/cropped-001_Fatek_N\u00edvel1pb-350x197.jpg 350w, https:\/\/prosistav.pt\/versao2\/wp-content\/uploads\/2017\/10\/cropped-001_Fatek_N\u00edvel1pb-480x270.jpg 480w, https:\/\/prosistav.pt\/versao2\/wp-content\/uploads\/2017\/10\/cropped-001_Fatek_N\u00edvel1pb.jpg 1920w\" sizes=\"(max-width: 800px) 100vw, 800px\" \/><\/div><!-- Story Description --><div class=\"twae-description\"><p>A Prosistav vai de encontro a mais uma necessidade do mercado e disponibiliza forma\u00e7\u00f5es com o objetivo de partilhar o know-how referente \u00e0s representadas e os seus produtos.<\/p><\/div><\/div><\/div><!-- Start of Story Repeater Content --><div id=\"story-c6b393b\" class=\"twae-story twae-repeater-item twae-story-right twae-story-no-icon\"><!-- Story Label --><div class=\"twae-labels\"><div class=\"twae-label-big\">2008<\/div><\/div><!-- Story Icon --><div class=\"twae-icon\"><i aria-hidden=\"true\" class=\"far fa-clock\"><\/i><\/div><!-- Story Arrow --><div class=\"twae-arrow\"><\/div><!-- Start of Story Content --><div class=\"twae-content\"><!-- Story Title --><div class=\"twae-title\">NOVAS INSTALA\u00c7\u00d5ES<\/div><!-- Story Image --><div class=\"twae-media large\"><img loading=\"lazy\" decoding=\"async\" width=\"800\" height=\"453\" src=\"https:\/\/prosistav.pt\/versao2\/wp-content\/uploads\/2017\/10\/pstv.png\" class=\"attachment-large size-large\" alt=\"PROSISTAV SEDE\" srcset=\"https:\/\/prosistav.pt\/versao2\/wp-content\/uploads\/2017\/10\/pstv.png 921w, https:\/\/prosistav.pt\/versao2\/wp-content\/uploads\/2017\/10\/pstv-300x170.png 300w, https:\/\/prosistav.pt\/versao2\/wp-content\/uploads\/2017\/10\/pstv-768x434.png 768w, https:\/\/prosistav.pt\/versao2\/wp-content\/uploads\/2017\/10\/pstv-830x470.png 830w, https:\/\/prosistav.pt\/versao2\/wp-content\/uploads\/2017\/10\/pstv-230x130.png 230w, https:\/\/prosistav.pt\/versao2\/wp-content\/uploads\/2017\/10\/pstv-350x198.png 350w, https:\/\/prosistav.pt\/versao2\/wp-content\/uploads\/2017\/10\/pstv-480x272.png 480w\" sizes=\"(max-width: 800px) 100vw, 800px\" \/><\/div><!-- Story Description --><div class=\"twae-description\"><p>Em Julho de 2008 a Prosistav mudou de instala\u00e7\u00f5es para a Zona Industrial da Mota (\u00cdlhavo).<\/p><\/div><\/div><\/div><!-- Start of Story Repeater Content --><div id=\"story-6c54e7f\" class=\"twae-story twae-repeater-item twae-story-left twae-story-no-icon\"><!-- Story Label --><div class=\"twae-labels\"><div class=\"twae-label-big\">2002<\/div><\/div><!-- Story Icon --><div class=\"twae-icon\"><i aria-hidden=\"true\" class=\"far fa-clock\"><\/i><\/div><!-- Story Arrow --><div class=\"twae-arrow\"><\/div><!-- Start of Story Content --><div class=\"twae-content\"><!-- Story Title --><div class=\"twae-title\">NOVOS SERVI\u00c7OS<\/div><!-- Story Image --><div class=\"twae-media large\"><img loading=\"lazy\" decoding=\"async\" width=\"390\" height=\"274\" src=\"https:\/\/prosistav.pt\/versao2\/wp-content\/uploads\/2017\/10\/safety_product_family_390x274_rgb.png\" class=\"attachment-large size-large\" alt=\"\" srcset=\"https:\/\/prosistav.pt\/versao2\/wp-content\/uploads\/2017\/10\/safety_product_family_390x274_rgb.png 390w, https:\/\/prosistav.pt\/versao2\/wp-content\/uploads\/2017\/10\/safety_product_family_390x274_rgb-300x211.png 300w, https:\/\/prosistav.pt\/versao2\/wp-content\/uploads\/2017\/10\/safety_product_family_390x274_rgb-230x162.png 230w, https:\/\/prosistav.pt\/versao2\/wp-content\/uploads\/2017\/10\/safety_product_family_390x274_rgb-350x246.png 350w\" sizes=\"(max-width: 390px) 100vw, 390px\" \/><\/div><!-- Story Description --><div class=\"twae-description\"><p>Verificando a necessidade do mercado, aliada \u00e0s experi\u00eancias e conhecimentos dos s\u00f3cios, A Prosistav, Lda deu inicio a outras atividades que a definem atualmente: produ\u00e7\u00e3o e comercializa\u00e7\u00e3o de componentes e equipamentos industriais, projetos, estudos e realiza\u00e7\u00e3o de solu\u00e7\u00f5es, consultoria e auditoria, manuten\u00e7\u00e3o e assist\u00eancia t\u00e9cnica no campo da automa\u00e7\u00e3o industrial.<\/p><\/div><\/div><\/div><!-- Start of Story Repeater Content --><div id=\"story-02ffd79\" class=\"twae-story twae-repeater-item twae-story-right twae-story-no-icon\"><!-- Story Label --><div class=\"twae-labels\"><div class=\"twae-label-big\">1999<\/div><\/div><!-- Story Icon --><div class=\"twae-icon\"><i aria-hidden=\"true\" class=\"far fa-clock\"><\/i><\/div><!-- Story Arrow --><div class=\"twae-arrow\"><\/div><!-- Start of Story Content --><div class=\"twae-content\"><!-- Story Title --><div class=\"twae-title\">FUNDA\u00c7\u00c3O<\/div><!-- Story Image --><div class=\"twae-media large\"><img loading=\"lazy\" decoding=\"async\" width=\"415\" height=\"291\" src=\"https:\/\/prosistav.pt\/versao2\/wp-content\/uploads\/2025\/03\/marca-prosistav.png\" class=\"attachment-large size-large\" alt=\"\" srcset=\"https:\/\/prosistav.pt\/versao2\/wp-content\/uploads\/2025\/03\/marca-prosistav.png 415w, https:\/\/prosistav.pt\/versao2\/wp-content\/uploads\/2025\/03\/marca-prosistav-300x210.png 300w\" sizes=\"(max-width: 415px) 100vw, 415px\" \/><\/div><!-- Story Description --><div class=\"twae-description\"><div class=\"ctl-timeline ctl-timeline-container\" data-animation=\"fadeInUp\"><div id=\"ctl-story-717\" class=\"ctl-story ctl-story-dot-icon odd ctl-story-right aos-init aos-animate\" role=\"article\" data-aos=\"fadeInUp\" data-story-index=\"1\"><div class=\"ctl-content\"><div class=\"ctl-description\"><p>A Prosistav, Lda, foi constitu\u00edda a 16 de Junho de 1999, desenvolvendo a execu\u00e7\u00e3o de quadros el\u00e9tricos de automa\u00e7\u00e3o.<\/p><\/div><\/div><\/div><\/div><\/div><\/div><\/div><\/div>\n    <div class=\"twae-end\"><\/div>\n    <\/div><style type=\"text\/css\">@media (max-width: 1024px){ .twae-wrapper{--tw-ybx-size: 80px !important;}}@media (max-width: 767px){ .twae-wrapper{--tw-ybx-size: 80px !important}}<\/style>\t\t\t\t<\/div>\n\t\t\t\t<\/div>\n\t\t\t\t<div class=\"elementor-element elementor-element-efb67c9 elementor-widget__width-initial elementor-fixed elementor-view-default elementor-widget elementor-widget-icon\" data-id=\"efb67c9\" data-element_type=\"widget\" data-settings=\"{&quot;_position&quot;:&quot;fixed&quot;}\" data-widget_type=\"icon.default\">\n\t\t\t\t\t\t\t<div class=\"elementor-icon-wrapper\">\n\t\t\t<a class=\"elementor-icon\" href=\"#TOP\">\n\t\t\t<svg aria-hidden=\"true\" class=\"e-font-icon-svg e-fas-chevron-up\" viewBox=\"0 0 448 512\" xmlns=\"http:\/\/www.w3.org\/2000\/svg\"><path d=\"M240.971 130.524l194.343 194.343c9.373 9.373 9.373 24.569 0 33.941l-22.667 22.667c-9.357 9.357-24.522 9.375-33.901.04L224 227.495 69.255 381.516c-9.379 9.335-24.544 9.317-33.901-.04l-22.667-22.667c-9.373-9.373-9.373-24.569 0-33.941L207.03 130.525c9.372-9.373 24.568-9.373 33.941-.001z\"><\/path><\/svg>\t\t\t<\/a>\n\t\t<\/div>\n\t\t\t\t\t\t<\/div>\n\t\t\t\t\t<\/div>\n\t\t\t\t<\/div>\n\t\t\t\t<\/div>\n\t\t","protected":false},"excerpt":{"rendered":"<p>Projectos e Sistemas de Automa\u00e7\u00e3o a prosistav A NOSSA HIST\u00d3RIA 2023PME L\u00cdDER 2023 A Prosistav \u00e9 distinguida como PME L\u00edder pelo 11\u00ba ano consecutivo.\u00a0 2020PME L\u00cdDER 2020 Com um esfor\u00e7o [&hellip;]<\/p>\n","protected":false},"author":1,"featured_media":0,"parent":0,"menu_order":0,"comment_status":"closed","ping_status":"closed","template":"","meta":{"_exactmetrics_skip_tracking":false,"_exactmetrics_sitenote_active":false,"_exactmetrics_sitenote_note":"","_exactmetrics_sitenote_category":0,"footnotes":""},"class_list":["post-5719","page","type-page","status-publish","hentry"],"_links":{"self":[{"href":"https:\/\/prosistav.pt\/versao2\/wp-json\/wp\/v2\/pages\/5719","targetHints":{"allow":["GET"]}}],"collection":[{"href":"https:\/\/prosistav.pt\/versao2\/wp-json\/wp\/v2\/pages"}],"about":[{"href":"https:\/\/prosistav.pt\/versao2\/wp-json\/wp\/v2\/types\/page"}],"author":[{"embeddable":true,"href":"https:\/\/prosistav.pt\/versao2\/wp-json\/wp\/v2\/users\/1"}],"replies":[{"embeddable":true,"href":"https:\/\/prosistav.pt\/versao2\/wp-json\/wp\/v2\/comments?post=5719"}],"version-history":[{"count":14,"href":"https:\/\/prosistav.pt\/versao2\/wp-json\/wp\/v2\/pages\/5719\/revisions"}],"predecessor-version":[{"id":9212,"href":"https:\/\/prosistav.pt\/versao2\/wp-json\/wp\/v2\/pages\/5719\/revisions\/9212"}],"wp:attachment":[{"href":"https:\/\/prosistav.pt\/versao2\/wp-json\/wp\/v2\/media?parent=5719"}],"curies":[{"name":"wp","href":"https:\/\/api.w.org\/{rel}","templated":true}]}}