{"id":8576,"date":"2025-07-29T13:50:25","date_gmt":"2025-07-29T13:50:25","guid":{"rendered":"https:\/\/prosistav.pt\/versao2\/?page_id=8576"},"modified":"2025-09-03T14:36:26","modified_gmt":"2025-09-03T14:36:26","slug":"industria-automovel-e-mobilidade","status":"publish","type":"page","link":"https:\/\/prosistav.pt\/versao2\/industrias\/industria-automovel-e-mobilidade\/","title":{"rendered":"Ind\u00fastria Autom\u00f3vel e Mobilidade"},"content":{"rendered":"\t\t<div data-elementor-type=\"wp-page\" data-elementor-id=\"8576\" class=\"elementor elementor-8576\" data-elementor-post-type=\"page\">\n\t\t\t\t<div class=\"elementor-element elementor-element-21d2ec75 e-con-full e-flex e-con e-parent\" data-id=\"21d2ec75\" data-element_type=\"container\" data-settings=\"{&quot;background_background&quot;:&quot;classic&quot;}\">\n\t\t\t\t<div class=\"elementor-element elementor-element-053d4c5 elementor-widget elementor-widget-menu-anchor\" data-id=\"053d4c5\" data-element_type=\"widget\" data-widget_type=\"menu-anchor.default\">\n\t\t\t\t\t\t\t<div class=\"elementor-menu-anchor\" id=\"TOP\"><\/div>\n\t\t\t\t\t\t<\/div>\n\t\t\t\t<div class=\"elementor-element elementor-element-6aa15e18 animated-slow elementor-invisible elementor-widget elementor-widget-heading\" data-id=\"6aa15e18\" data-element_type=\"widget\" data-settings=\"{&quot;_animation&quot;:&quot;slideInUp&quot;}\" data-widget_type=\"heading.default\">\n\t\t\t\t\t<h2 class=\"elementor-heading-title elementor-size-default\">Solu\u00e7\u00f5es em Automa\u00e7\u00e3o Industrial<\/h2>\t\t\t\t<\/div>\n\t\t\t\t<div class=\"elementor-element elementor-element-17a6960f animated-slow elementor-widget-divider--view-line elementor-invisible elementor-widget elementor-widget-divider\" data-id=\"17a6960f\" data-element_type=\"widget\" data-settings=\"{&quot;_animation&quot;:&quot;fadeInUp&quot;}\" data-widget_type=\"divider.default\">\n\t\t\t\t\t\t\t<div class=\"elementor-divider\">\n\t\t\t<span class=\"elementor-divider-separator\">\n\t\t\t\t\t\t<\/span>\n\t\t<\/div>\n\t\t\t\t\t\t<\/div>\n\t\t\t\t<div class=\"elementor-element elementor-element-4095bf55 animated-slow elementor-invisible elementor-widget elementor-widget-heading\" data-id=\"4095bf55\" data-element_type=\"widget\" data-settings=\"{&quot;_animation&quot;:&quot;slideInUp&quot;}\" data-widget_type=\"heading.default\">\n\t\t\t\t\t<h2 class=\"elementor-heading-title elementor-size-default\">Ind\u00fastria autom\u00f3vel e mobilidade<\/h2>\t\t\t\t<\/div>\n\t\t\t\t<div class=\"elementor-element elementor-element-2eee3328 elementor-invisible elementor-widget elementor-widget-image\" data-id=\"2eee3328\" data-element_type=\"widget\" data-settings=\"{&quot;_animation&quot;:&quot;fadeInUp&quot;}\" data-widget_type=\"image.default\">\n\t\t\t\t\t\t\t\t\t\t\t\t\t\t\t<img decoding=\"async\" width=\"150\" height=\"150\" src=\"https:\/\/prosistav.pt\/versao2\/wp-content\/uploads\/2025\/07\/industria-automovel-150x150.png\" class=\"attachment-thumbnail size-thumbnail wp-image-8418\" alt=\"industria automovel\" srcset=\"https:\/\/prosistav.pt\/versao2\/wp-content\/uploads\/2025\/07\/industria-automovel-150x150.png 150w, https:\/\/prosistav.pt\/versao2\/wp-content\/uploads\/2025\/07\/industria-automovel-300x300.png 300w, https:\/\/prosistav.pt\/versao2\/wp-content\/uploads\/2025\/07\/industria-automovel-768x768.png 768w, https:\/\/prosistav.pt\/versao2\/wp-content\/uploads\/2025\/07\/industria-automovel.png 1000w\" sizes=\"(max-width: 150px) 100vw, 150px\" \/>\t\t\t\t\t\t\t\t\t\t\t\t\t\t\t<\/div>\n\t\t\t\t<\/div>\n\t\t<div class=\"elementor-element elementor-element-38a966df e-con-full e-flex e-con e-parent\" data-id=\"38a966df\" data-element_type=\"container\">\n\t\t<div class=\"elementor-element elementor-element-f2a521f e-flex e-con-boxed e-con e-child\" data-id=\"f2a521f\" data-element_type=\"container\">\n\t\t\t\t\t<div class=\"e-con-inner\">\n\t\t\t\t<div class=\"elementor-element elementor-element-bc5da46 elementor-widget__width-inherit elementor-invisible elementor-widget elementor-widget-text-editor\" data-id=\"bc5da46\" data-element_type=\"widget\" data-settings=\"{&quot;_animation&quot;:&quot;fadeInUp&quot;}\" data-widget_type=\"text-editor.default\">\n\t\t\t\t\t\t\t\t\t<h4 style=\"text-align: justify;\">A ind\u00fastria autom\u00f3vel exige solu\u00e7\u00f5es de automa\u00e7\u00e3o de alta performance, fiabilidade e integra\u00e7\u00e3o, tanto para a produ\u00e7\u00e3o em s\u00e9rie como para o controlo de qualidade, rastreabilidade e log\u00edstica interna.<\/h4><h4 style=\"text-align: justify;\">A Prosistav disponibiliza tecnologias robustas e precisas, essenciais para a automa\u00e7\u00e3o de linhas de montagem, c\u00e9lulas robotizadas, controlo de motores e supervis\u00e3o de processos.<\/h4><h4 style=\"text-align: justify;\">Desde fabricantes de componentes at\u00e9 integradores de sistemas de mobilidade el\u00e9trica, fornecemos solu\u00e7\u00f5es adaptadas a cada fase do processo produtivo.<\/h4>\t\t\t\t\t\t\t\t<\/div>\n\t\t\t\t\t<\/div>\n\t\t\t\t<\/div>\n\t\t\t\t<\/div>\n\t\t<div class=\"elementor-element elementor-element-2516b7a4 e-flex e-con-boxed e-con e-parent\" data-id=\"2516b7a4\" data-element_type=\"container\" data-settings=\"{&quot;background_background&quot;:&quot;classic&quot;}\">\n\t\t\t\t\t<div class=\"e-con-inner\">\n\t\t\t\t<div class=\"elementor-element elementor-element-20002322 elementor-widget-divider--view-line elementor-invisible elementor-widget elementor-widget-divider\" data-id=\"20002322\" data-element_type=\"widget\" data-settings=\"{&quot;_animation&quot;:&quot;fadeInUp&quot;}\" data-widget_type=\"divider.default\">\n\t\t\t\t\t\t\t<div class=\"elementor-divider\">\n\t\t\t<span class=\"elementor-divider-separator\">\n\t\t\t\t\t\t<\/span>\n\t\t<\/div>\n\t\t\t\t\t\t<\/div>\n\t\t\t\t<div class=\"elementor-element elementor-element-8d2fb5f elementor-widget elementor-widget-spacer\" data-id=\"8d2fb5f\" data-element_type=\"widget\" data-widget_type=\"spacer.default\">\n\t\t\t\t\t\t\t<div class=\"elementor-spacer\">\n\t\t\t<div class=\"elementor-spacer-inner\"><\/div>\n\t\t<\/div>\n\t\t\t\t\t\t<\/div>\n\t\t\t\t<div class=\"elementor-element elementor-element-6d37b0a1 elementor-widget__width-inherit elementor-widget elementor-widget-heading\" data-id=\"6d37b0a1\" data-element_type=\"widget\" data-widget_type=\"heading.default\">\n\t\t\t\t\t<p class=\"elementor-heading-title elementor-size-default\">Ind\u00fastria autom\u00f3vel e mobilidade<\/p>\t\t\t\t<\/div>\n\t\t\t\t<div class=\"elementor-element elementor-element-3801f37e elementor-widget__width-initial elementor-widget elementor-widget-heading\" data-id=\"3801f37e\" data-element_type=\"widget\" data-widget_type=\"heading.default\">\n\t\t\t\t\t<h2 class=\"elementor-heading-title elementor-size-default\">Exemplos de Aplica\u00e7\u00f5es de Automa\u00e7\u00e3o Industrial<\/h2>\t\t\t\t<\/div>\n\t\t\t\t<div class=\"elementor-element elementor-element-6cc9ac7 elementor-widget elementor-widget-n-accordion\" data-id=\"6cc9ac7\" data-element_type=\"widget\" data-settings=\"{&quot;default_state&quot;:&quot;expanded&quot;,&quot;max_items_expended&quot;:&quot;one&quot;,&quot;n_accordion_animation_duration&quot;:{&quot;unit&quot;:&quot;ms&quot;,&quot;size&quot;:400,&quot;sizes&quot;:[]}}\" data-widget_type=\"nested-accordion.default\">\n\t\t\t\t\t\t\t<div class=\"e-n-accordion\" aria-label=\"Accordion. Open links with Enter or Space, close with Escape, and navigate with Arrow Keys\">\n\t\t\t\t\t\t<details id=\"e-n-accordion-item-1140\" class=\"e-n-accordion-item\" open>\n\t\t\t\t<summary class=\"e-n-accordion-item-title\" data-accordion-index=\"1\" tabindex=\"0\" aria-expanded=\"true\" aria-controls=\"e-n-accordion-item-1140\" >\n\t\t\t\t\t<span class='e-n-accordion-item-title-header'><div class=\"e-n-accordion-item-title-text\"> Controlo de motores em linhas de montagem e c\u00e9lulas robotizadas. <\/div><\/span>\n\t\t\t\t\t\t\t<span class='e-n-accordion-item-title-icon'>\n\t\t\t<span class='e-opened' ><svg aria-hidden=\"true\" class=\"e-font-icon-svg e-fas-minus\" viewBox=\"0 0 448 512\" xmlns=\"http:\/\/www.w3.org\/2000\/svg\"><path d=\"M416 208H32c-17.67 0-32 14.33-32 32v32c0 17.67 14.33 32 32 32h384c17.67 0 32-14.33 32-32v-32c0-17.67-14.33-32-32-32z\"><\/path><\/svg><\/span>\n\t\t\t<span class='e-closed'><svg aria-hidden=\"true\" class=\"e-font-icon-svg e-fas-plus\" viewBox=\"0 0 448 512\" xmlns=\"http:\/\/www.w3.org\/2000\/svg\"><path d=\"M416 208H272V64c0-17.67-14.33-32-32-32h-32c-17.67 0-32 14.33-32 32v144H32c-17.67 0-32 14.33-32 32v32c0 17.67 14.33 32 32 32h144v144c0 17.67 14.33 32 32 32h32c17.67 0 32-14.33 32-32V304h144c17.67 0 32-14.33 32-32v-32c0-17.67-14.33-32-32-32z\"><\/path><\/svg><\/span>\n\t\t<\/span>\n\n\t\t\t\t\t\t<\/summary>\n\t\t\t\t<div role=\"region\" aria-labelledby=\"e-n-accordion-item-1140\" class=\"elementor-element elementor-element-3e97381 e-con-full e-flex e-con e-child\" data-id=\"3e97381\" data-element_type=\"container\">\n\t\t\t\t<div class=\"elementor-element elementor-element-bfad21d elementor-widget elementor-widget-text-editor\" data-id=\"bfad21d\" data-element_type=\"widget\" data-widget_type=\"text-editor.default\">\n\t\t\t\t\t\t\t\t\t<p>Produtos utilizados: Drives, servomotores, controladores de movimento.<\/p><p>Marcas: <a href=\"https:\/\/prosistav.pt\/versao2\/marcas\/yaskawa\/\" target=\"_blank\" rel=\"noopener\">Yaskawa<\/a>, <a href=\"https:\/\/prosistav.pt\/versao2\/marcas\/rta\/\" target=\"_blank\" rel=\"noopener\">RTA<\/a>, <a href=\"https:\/\/prosistav.pt\/versao2\/marcas\/fatek-3\/\" target=\"_blank\" rel=\"noopener\">Fatek<\/a><\/p>\t\t\t\t\t\t\t\t<\/div>\n\t\t\t\t<\/div>\n\t\t\t\t\t<\/details>\n\t\t\t\t\t\t<details id=\"e-n-accordion-item-1141\" class=\"e-n-accordion-item\" >\n\t\t\t\t<summary class=\"e-n-accordion-item-title\" data-accordion-index=\"2\" tabindex=\"-1\" aria-expanded=\"false\" aria-controls=\"e-n-accordion-item-1141\" >\n\t\t\t\t\t<span class='e-n-accordion-item-title-header'><div class=\"e-n-accordion-item-title-text\"> Gest\u00e3o de linhas autom\u00e1ticas com PLCs e I\/Os descentralizados. <\/div><\/span>\n\t\t\t\t\t\t\t<span class='e-n-accordion-item-title-icon'>\n\t\t\t<span class='e-opened' ><svg aria-hidden=\"true\" class=\"e-font-icon-svg e-fas-minus\" viewBox=\"0 0 448 512\" xmlns=\"http:\/\/www.w3.org\/2000\/svg\"><path d=\"M416 208H32c-17.67 0-32 14.33-32 32v32c0 17.67 14.33 32 32 32h384c17.67 0 32-14.33 32-32v-32c0-17.67-14.33-32-32-32z\"><\/path><\/svg><\/span>\n\t\t\t<span class='e-closed'><svg aria-hidden=\"true\" class=\"e-font-icon-svg e-fas-plus\" viewBox=\"0 0 448 512\" xmlns=\"http:\/\/www.w3.org\/2000\/svg\"><path d=\"M416 208H272V64c0-17.67-14.33-32-32-32h-32c-17.67 0-32 14.33-32 32v144H32c-17.67 0-32 14.33-32 32v32c0 17.67 14.33 32 32 32h144v144c0 17.67 14.33 32 32 32h32c17.67 0 32-14.33 32-32V304h144c17.67 0 32-14.33 32-32v-32c0-17.67-14.33-32-32-32z\"><\/path><\/svg><\/span>\n\t\t<\/span>\n\n\t\t\t\t\t\t<\/summary>\n\t\t\t\t<div role=\"region\" aria-labelledby=\"e-n-accordion-item-1141\" class=\"elementor-element elementor-element-b612be6 e-con-full e-flex e-con e-child\" data-id=\"b612be6\" data-element_type=\"container\">\n\t\t\t\t<div class=\"elementor-element elementor-element-743a66f elementor-widget elementor-widget-text-editor\" data-id=\"743a66f\" data-element_type=\"widget\" data-widget_type=\"text-editor.default\">\n\t\t\t\t\t\t\t\t\t<p>Produtos utilizados: PLCs modulares, m\u00f3dulos I\/O, sistemas SCADA.<\/p><p>Marcas: <a href=\"https:\/\/prosistav.pt\/versao2\/marcas\/abb\/\" target=\"_blank\" rel=\"noopener\">ABB<\/a>, <a href=\"https:\/\/prosistav.pt\/versao2\/marcas\/yaskawa\/\" target=\"_blank\" rel=\"noopener\">Yaskawa<\/a>, <a href=\"https:\/\/prosistav.pt\/versao2\/marcas\/seneca\/\" target=\"_blank\" rel=\"noopener\">Seneca<\/a><\/p>\t\t\t\t\t\t\t\t<\/div>\n\t\t\t\t<\/div>\n\t\t\t\t\t<\/details>\n\t\t\t\t\t\t<details id=\"e-n-accordion-item-1142\" class=\"e-n-accordion-item\" >\n\t\t\t\t<summary class=\"e-n-accordion-item-title\" data-accordion-index=\"3\" tabindex=\"-1\" aria-expanded=\"false\" aria-controls=\"e-n-accordion-item-1142\" >\n\t\t\t\t\t<span class='e-n-accordion-item-title-header'><div class=\"e-n-accordion-item-title-text\"> Controlo de qualidade por vis\u00e3o artificial (presen\u00e7a de componentes, alinhamento, leitura de c\u00f3digos). <\/div><\/span>\n\t\t\t\t\t\t\t<span class='e-n-accordion-item-title-icon'>\n\t\t\t<span class='e-opened' ><svg aria-hidden=\"true\" class=\"e-font-icon-svg e-fas-minus\" viewBox=\"0 0 448 512\" xmlns=\"http:\/\/www.w3.org\/2000\/svg\"><path d=\"M416 208H32c-17.67 0-32 14.33-32 32v32c0 17.67 14.33 32 32 32h384c17.67 0 32-14.33 32-32v-32c0-17.67-14.33-32-32-32z\"><\/path><\/svg><\/span>\n\t\t\t<span class='e-closed'><svg aria-hidden=\"true\" class=\"e-font-icon-svg e-fas-plus\" viewBox=\"0 0 448 512\" xmlns=\"http:\/\/www.w3.org\/2000\/svg\"><path d=\"M416 208H272V64c0-17.67-14.33-32-32-32h-32c-17.67 0-32 14.33-32 32v144H32c-17.67 0-32 14.33-32 32v32c0 17.67 14.33 32 32 32h144v144c0 17.67 14.33 32 32 32h32c17.67 0 32-14.33 32-32V304h144c17.67 0 32-14.33 32-32v-32c0-17.67-14.33-32-32-32z\"><\/path><\/svg><\/span>\n\t\t<\/span>\n\n\t\t\t\t\t\t<\/summary>\n\t\t\t\t<div role=\"region\" aria-labelledby=\"e-n-accordion-item-1142\" class=\"elementor-element elementor-element-b500c8e e-con-full e-flex e-con e-child\" data-id=\"b500c8e\" data-element_type=\"container\">\n\t\t\t\t<div class=\"elementor-element elementor-element-d5b8b22 elementor-widget elementor-widget-text-editor\" data-id=\"d5b8b22\" data-element_type=\"widget\" data-widget_type=\"text-editor.default\">\n\t\t\t\t\t\t\t\t\t<p>Produtos utilizados: C\u00e2maras 2D\/3D, sensores de perfil, leitores de c\u00f3digo.<\/p><p>Marcas: <a href=\"https:\/\/prosistav.pt\/versao2\/marcas\/wenglor\/\" target=\"_blank\" rel=\"noopener\">wenglor\u00a0<\/a><\/p>\t\t\t\t\t\t\t\t<\/div>\n\t\t\t\t<\/div>\n\t\t\t\t\t<\/details>\n\t\t\t\t\t\t<details id=\"e-n-accordion-item-1143\" class=\"e-n-accordion-item\" >\n\t\t\t\t<summary class=\"e-n-accordion-item-title\" data-accordion-index=\"4\" tabindex=\"-1\" aria-expanded=\"false\" aria-controls=\"e-n-accordion-item-1143\" >\n\t\t\t\t\t<span class='e-n-accordion-item-title-header'><div class=\"e-n-accordion-item-title-text\"> Monitoriza\u00e7\u00e3o de consumos e rastreabilidade da produ\u00e7\u00e3o. <\/div><\/span>\n\t\t\t\t\t\t\t<span class='e-n-accordion-item-title-icon'>\n\t\t\t<span class='e-opened' ><svg aria-hidden=\"true\" class=\"e-font-icon-svg e-fas-minus\" viewBox=\"0 0 448 512\" xmlns=\"http:\/\/www.w3.org\/2000\/svg\"><path d=\"M416 208H32c-17.67 0-32 14.33-32 32v32c0 17.67 14.33 32 32 32h384c17.67 0 32-14.33 32-32v-32c0-17.67-14.33-32-32-32z\"><\/path><\/svg><\/span>\n\t\t\t<span class='e-closed'><svg aria-hidden=\"true\" class=\"e-font-icon-svg e-fas-plus\" viewBox=\"0 0 448 512\" xmlns=\"http:\/\/www.w3.org\/2000\/svg\"><path d=\"M416 208H272V64c0-17.67-14.33-32-32-32h-32c-17.67 0-32 14.33-32 32v144H32c-17.67 0-32 14.33-32 32v32c0 17.67 14.33 32 32 32h144v144c0 17.67 14.33 32 32 32h32c17.67 0 32-14.33 32-32V304h144c17.67 0 32-14.33 32-32v-32c0-17.67-14.33-32-32-32z\"><\/path><\/svg><\/span>\n\t\t<\/span>\n\n\t\t\t\t\t\t<\/summary>\n\t\t\t\t<div role=\"region\" aria-labelledby=\"e-n-accordion-item-1143\" class=\"elementor-element elementor-element-1d9438f e-con-full e-flex e-con e-child\" data-id=\"1d9438f\" data-element_type=\"container\">\n\t\t\t\t<div class=\"elementor-element elementor-element-4a95393 elementor-widget elementor-widget-text-editor\" data-id=\"4a95393\" data-element_type=\"widget\" data-widget_type=\"text-editor.default\">\n\t\t\t\t\t\t\t\t\t<p>Produtos utilizados: Software de analytics e reporting, m\u00f3dulos de aquisi\u00e7\u00e3o de dados.<\/p><p>Marcas: <a href=\"https:\/\/prosistav.pt\/versao2\/marcas\/exakom\/\" target=\"_blank\" rel=\"noopener\">Exakom<\/a>, <a href=\"https:\/\/prosistav.pt\/versao2\/marcas\/seneca\/\" target=\"_blank\" rel=\"noopener\">Seneca<\/a><\/p>\t\t\t\t\t\t\t\t<\/div>\n\t\t\t\t<\/div>\n\t\t\t\t\t<\/details>\n\t\t\t\t\t\t<details id=\"e-n-accordion-item-1144\" class=\"e-n-accordion-item\" >\n\t\t\t\t<summary class=\"e-n-accordion-item-title\" data-accordion-index=\"5\" tabindex=\"-1\" aria-expanded=\"false\" aria-controls=\"e-n-accordion-item-1144\" >\n\t\t\t\t\t<span class='e-n-accordion-item-title-header'><div class=\"e-n-accordion-item-title-text\"> Automa\u00e7\u00e3o de bancadas de teste de motores ou componentes el\u00e9tricos. <\/div><\/span>\n\t\t\t\t\t\t\t<span class='e-n-accordion-item-title-icon'>\n\t\t\t<span class='e-opened' ><svg aria-hidden=\"true\" class=\"e-font-icon-svg e-fas-minus\" viewBox=\"0 0 448 512\" xmlns=\"http:\/\/www.w3.org\/2000\/svg\"><path d=\"M416 208H32c-17.67 0-32 14.33-32 32v32c0 17.67 14.33 32 32 32h384c17.67 0 32-14.33 32-32v-32c0-17.67-14.33-32-32-32z\"><\/path><\/svg><\/span>\n\t\t\t<span class='e-closed'><svg aria-hidden=\"true\" class=\"e-font-icon-svg e-fas-plus\" viewBox=\"0 0 448 512\" xmlns=\"http:\/\/www.w3.org\/2000\/svg\"><path d=\"M416 208H272V64c0-17.67-14.33-32-32-32h-32c-17.67 0-32 14.33-32 32v144H32c-17.67 0-32 14.33-32 32v32c0 17.67 14.33 32 32 32h144v144c0 17.67 14.33 32 32 32h32c17.67 0 32-14.33 32-32V304h144c17.67 0 32-14.33 32-32v-32c0-17.67-14.33-32-32-32z\"><\/path><\/svg><\/span>\n\t\t<\/span>\n\n\t\t\t\t\t\t<\/summary>\n\t\t\t\t<div role=\"region\" aria-labelledby=\"e-n-accordion-item-1144\" class=\"elementor-element elementor-element-94e169f e-con-full e-flex e-con e-child\" data-id=\"94e169f\" data-element_type=\"container\">\n\t\t\t\t<div class=\"elementor-element elementor-element-fcc1844 elementor-widget elementor-widget-text-editor\" data-id=\"fcc1844\" data-element_type=\"widget\" data-widget_type=\"text-editor.default\">\n\t\t\t\t\t\t\t\t\t<p>Produtos utilizados: Transdutores de press\u00e3o, encoders, sensores de posi\u00e7\u00e3o.<\/p><p>Marcas: <a href=\"https:\/\/prosistav.pt\/versao2\/marcas\/huba-control\/\" target=\"_blank\" rel=\"noopener\">Huba Control<\/a>, <a href=\"https:\/\/prosistav.pt\/versao2\/marcas\/leine-linde\/\" target=\"_blank\" rel=\"noopener\">Leine Linde<\/a>, <a href=\"https:\/\/prosistav.pt\/versao2\/marcas\/opkon\/\" target=\"_blank\" rel=\"noopener\">Opkon<\/a><\/p>\t\t\t\t\t\t\t\t<\/div>\n\t\t\t\t<\/div>\n\t\t\t\t\t<\/details>\n\t\t\t\t\t\t<details id=\"e-n-accordion-item-1145\" class=\"e-n-accordion-item\" >\n\t\t\t\t<summary class=\"e-n-accordion-item-title\" data-accordion-index=\"6\" tabindex=\"-1\" aria-expanded=\"false\" aria-controls=\"e-n-accordion-item-1145\" >\n\t\t\t\t\t<span class='e-n-accordion-item-title-header'><div class=\"e-n-accordion-item-title-text\"> Seguran\u00e7a em c\u00e9lulas robotizadas e zonas de acesso restrito. <\/div><\/span>\n\t\t\t\t\t\t\t<span class='e-n-accordion-item-title-icon'>\n\t\t\t<span class='e-opened' ><svg aria-hidden=\"true\" class=\"e-font-icon-svg e-fas-minus\" viewBox=\"0 0 448 512\" xmlns=\"http:\/\/www.w3.org\/2000\/svg\"><path d=\"M416 208H32c-17.67 0-32 14.33-32 32v32c0 17.67 14.33 32 32 32h384c17.67 0 32-14.33 32-32v-32c0-17.67-14.33-32-32-32z\"><\/path><\/svg><\/span>\n\t\t\t<span class='e-closed'><svg aria-hidden=\"true\" class=\"e-font-icon-svg e-fas-plus\" viewBox=\"0 0 448 512\" xmlns=\"http:\/\/www.w3.org\/2000\/svg\"><path d=\"M416 208H272V64c0-17.67-14.33-32-32-32h-32c-17.67 0-32 14.33-32 32v144H32c-17.67 0-32 14.33-32 32v32c0 17.67 14.33 32 32 32h144v144c0 17.67 14.33 32 32 32h32c17.67 0 32-14.33 32-32V304h144c17.67 0 32-14.33 32-32v-32c0-17.67-14.33-32-32-32z\"><\/path><\/svg><\/span>\n\t\t<\/span>\n\n\t\t\t\t\t\t<\/summary>\n\t\t\t\t<div role=\"region\" aria-labelledby=\"e-n-accordion-item-1145\" class=\"elementor-element elementor-element-09e2b07 e-con-full e-flex e-con e-child\" data-id=\"09e2b07\" data-element_type=\"container\">\n\t\t\t\t<div class=\"elementor-element elementor-element-5674724 elementor-widget elementor-widget-text-editor\" data-id=\"5674724\" data-element_type=\"widget\" data-widget_type=\"text-editor.default\">\n\t\t\t\t\t\t\t\t\t<p>Produtos utilizados: Cortinas de seguran\u00e7a, unidades de controlo de seguran\u00e7a, botoneiras de emerg\u00eancia.<\/p><p>Marcas: <a href=\"https:\/\/prosistav.pt\/versao2\/marcas\/abb\/\" target=\"_blank\" rel=\"noopener\">ABB<\/a>, <a href=\"https:\/\/prosistav.pt\/versao2\/marcas\/grein-2\/\" target=\"_blank\" rel=\"noopener\">Grein<\/a><\/p>\t\t\t\t\t\t\t\t<\/div>\n\t\t\t\t<\/div>\n\t\t\t\t\t<\/details>\n\t\t\t\t\t<\/div>\n\t\t\t\t\t\t<\/div>\n\t\t\t\t<div class=\"elementor-element elementor-element-c5ecb21 elementor-widget__width-initial elementor-fixed elementor-view-default elementor-widget elementor-widget-icon\" data-id=\"c5ecb21\" data-element_type=\"widget\" data-settings=\"{&quot;_position&quot;:&quot;fixed&quot;}\" data-widget_type=\"icon.default\">\n\t\t\t\t\t\t\t<div class=\"elementor-icon-wrapper\">\n\t\t\t<a class=\"elementor-icon\" href=\"#TOP\">\n\t\t\t<svg aria-hidden=\"true\" class=\"e-font-icon-svg e-fas-chevron-up\" viewBox=\"0 0 448 512\" xmlns=\"http:\/\/www.w3.org\/2000\/svg\"><path d=\"M240.971 130.524l194.343 194.343c9.373 9.373 9.373 24.569 0 33.941l-22.667 22.667c-9.357 9.357-24.522 9.375-33.901.04L224 227.495 69.255 381.516c-9.379 9.335-24.544 9.317-33.901-.04l-22.667-22.667c-9.373-9.373-9.373-24.569 0-33.941L207.03 130.525c9.372-9.373 24.568-9.373 33.941-.001z\"><\/path><\/svg>\t\t\t<\/a>\n\t\t<\/div>\n\t\t\t\t\t\t<\/div>\n\t\t\t\t\t<\/div>\n\t\t\t\t<\/div>\n\t\t\t\t<\/div>\n\t\t","protected":false},"excerpt":{"rendered":"<p>Solu\u00e7\u00f5es em Automa\u00e7\u00e3o Industrial Ind\u00fastria autom\u00f3vel e mobilidade A ind\u00fastria autom\u00f3vel exige solu\u00e7\u00f5es de automa\u00e7\u00e3o de alta performance, fiabilidade e integra\u00e7\u00e3o, tanto para a produ\u00e7\u00e3o em s\u00e9rie como para o [&hellip;]<\/p>\n","protected":false},"author":1,"featured_media":0,"parent":8410,"menu_order":0,"comment_status":"closed","ping_status":"closed","template":"elementor_header_footer","meta":{"_exactmetrics_skip_tracking":false,"_exactmetrics_sitenote_active":false,"_exactmetrics_sitenote_note":"","_exactmetrics_sitenote_category":0,"footnotes":""},"class_list":["post-8576","page","type-page","status-publish","hentry"],"_links":{"self":[{"href":"https:\/\/prosistav.pt\/versao2\/wp-json\/wp\/v2\/pages\/8576","targetHints":{"allow":["GET"]}}],"collection":[{"href":"https:\/\/prosistav.pt\/versao2\/wp-json\/wp\/v2\/pages"}],"about":[{"href":"https:\/\/prosistav.pt\/versao2\/wp-json\/wp\/v2\/types\/page"}],"author":[{"embeddable":true,"href":"https:\/\/prosistav.pt\/versao2\/wp-json\/wp\/v2\/users\/1"}],"replies":[{"embeddable":true,"href":"https:\/\/prosistav.pt\/versao2\/wp-json\/wp\/v2\/comments?post=8576"}],"version-history":[{"count":16,"href":"https:\/\/prosistav.pt\/versao2\/wp-json\/wp\/v2\/pages\/8576\/revisions"}],"predecessor-version":[{"id":9390,"href":"https:\/\/prosistav.pt\/versao2\/wp-json\/wp\/v2\/pages\/8576\/revisions\/9390"}],"up":[{"embeddable":true,"href":"https:\/\/prosistav.pt\/versao2\/wp-json\/wp\/v2\/pages\/8410"}],"wp:attachment":[{"href":"https:\/\/prosistav.pt\/versao2\/wp-json\/wp\/v2\/media?parent=8576"}],"curies":[{"name":"wp","href":"https:\/\/api.w.org\/{rel}","templated":true}]}}